{"id":899,"date":"2020-06-16T18:21:23","date_gmt":"2020-06-16T18:21:23","guid":{"rendered":"https:\/\/www.hernandezechevarria.es\/privacy-policy\/"},"modified":"2020-06-18T16:08:28","modified_gmt":"2020-06-18T16:08:28","slug":"privacy-policy","status":"publish","type":"page","link":"https:\/\/www.hernandezechevarria.es\/en\/privacy-policy\/","title":{"rendered":"Privacy Policy"},"content":{"rendered":"\t\t<div data-elementor-type=\"wp-post\" data-elementor-id=\"899\" class=\"elementor elementor-899 elementor-3\" data-elementor-post-type=\"page\">\n\t\t\t\t\t\t<section class=\"elementor-section elementor-top-section elementor-element elementor-element-78292a9 elementor-section-boxed elementor-section-height-default elementor-section-height-default\" data-id=\"78292a9\" data-element_type=\"section\">\n\t\t\t\t\t\t<div class=\"elementor-container elementor-column-gap-default\">\n\t\t\t\t\t<div class=\"elementor-column elementor-col-100 elementor-top-column elementor-element elementor-element-53f49a33\" data-id=\"53f49a33\" data-element_type=\"column\">\n\t\t\t<div class=\"elementor-widget-wrap elementor-element-populated\">\n\t\t\t\t\t\t<div class=\"elementor-element elementor-element-4e2b89c0 elementor-widget elementor-widget-text-editor\" data-id=\"4e2b89c0\" data-element_type=\"widget\" data-widget_type=\"text-editor.default\">\n\t\t\t\t<div class=\"elementor-widget-container\">\n\t\t\t\t\t\t\t<h3 data-fontsize=\"14\" data-lineheight=\"24\"><span style=\"color: #3d88b7;\">Responsible for treatment<\/span><\/h3>\n<p>Hern\u00e1ndez-Echevarr\u00eda, Artacho y Sebasti\u00e1n de Erice Lawyers, S.L.P. CIF: B85315158. Almagro Street, number 38. E 28010 Madrid (Spain). Email: info@heyd.es.<\/p>\n<h3 data-fontsize=\"14\" data-lineheight=\"24\"><span style=\"color: #3d88b7;\">Purpose of treatment<\/span><\/h3>\n<p>Personal data will be processed for the contractual management of the contracted services.<br \/>The personal data provided by the owner through this website may be used for the submission of information on legal news (newsletters), organization about events organized and services provided by the firm.<\/p>\n<h3 data-fontsize=\"14\" data-lineheight=\"24\"><span style=\"color: #3d88b7;\">Legal basis for treatment<\/span><\/h3>\n<p>For the provision of the contracted services: fulfillment of the obligations arising from the contract for the provision of services.<br \/>For sending information about current events or services: Consent of the data subject. This consent may be revoked by the data subject at any time.<\/p>\n<h3 data-fontsize=\"14\" data-lineheight=\"24\"><span style=\"color: #3d88b7;\">Recipients<\/span><\/h3>\n<p>The data will not be transferred to third parties for commercial purposes. In case of contracting the services of the firm, the personal data may be transferred to the Public Administrations (e.g. the Tax Administration) for the fulfillment of legal and tax obligations in the contractual management.<\/p>\n<h3 data-fontsize=\"14\" data-lineheight=\"24\"><span style=\"color: #3d88b7;\">Rights<\/span><\/h3>\n<p>The General Data Protection Regulation grants individuals rights related to their personal data:<\/p>\n<ul>\n<li>Right of access: the right to be informed and request access to the personal data about you that we process.<\/li>\n<li>Right to rectification: the right to request that we correct or update your personal data, when they are inaccurate or incomplete.<\/li>\n<li>Right to cancel: the right to request the deletion of your personal data.<\/li>\n<li>Right to object and to the limitation of processing: the right to object to the processing of your personal data, or to request that they not be used for specific purposes.<\/li>\n<li>Right to portability: the right to request your personal data in a commonly used electronic format, and to have it transmitted to a third party of your choice.<\/li>\n<\/ul>\n<p>The holders of the personal data may exercise their rights of access, rectification, cancellation, portability of the data and limitation or opposition to the processing at the following address: Hern\u00e1ndez-Echevarr\u00eda, Artacho and Sebasti\u00e1n de Erice Lawyers, S.L.P. CIF: B85315158. Almagro Street, number 38. 28010 Madrid; or email at the address info@hey.es<br \/>In the event that the data subject considers that his rights have been infringed or that illicit processing has been carried out, he may file a complaint with the corresponding supervisory authority (Spanish Data Protection Agency. Jorge Juan Street, number 6. www.agpd.es. T: 912 66 35 17).<\/p>\n<h3 data-fontsize=\"14\" data-lineheight=\"24\"><span style=\"color: #3d88b7;\">Data retention<\/span><\/h3>\n<p>The personal data provided for the provision of services will be kept for as long as the contractual relationship with the firm is maintained. Subsequently, the data will be kept blocked for a period not exceeding 5 years in order to face possible responsibilities or requirements of the Public Administrations.<br \/>The personal data provided to receive current information, events or services will be deleted when the data subject revokes his\/her consent to receive such communications.<\/p>\n<h3 data-fontsize=\"14\" data-lineheight=\"24\"><span style=\"color: #3d88b7;\">Security measures<\/span><\/h3>\n<p>In accordance with current regulations, the firm implements appropriate technical and organizational security measures for the protection of personal data against the accidental or unlawful destruction, loss or alteration of personal data transmitted, retained or otherwise processed, or unauthorized communication or access to such data.<\/p>\n\t\t\t\t\t\t<\/div>\n\t\t\t\t<\/div>\n\t\t\t\t\t<\/div>\n\t\t<\/div>\n\t\t\t\t\t<\/div>\n\t\t<\/section>\n\t\t\t\t<\/div>\n\t\t","protected":false},"excerpt":{"rendered":"<p>Responsible for treatment Hern\u00e1ndez-Echevarr\u00eda, Artacho y Sebasti\u00e1n de Erice Lawyers, S.L.P. CIF: B85315158. Almagro Street, number 38. E 28010 Madrid (Spain). Email: info@heyd.es. Purpose of treatment Personal data will be processed for the contractual management of the contracted services.The personal data provided by the owner through this website may be used for the submission of &#8230; <a title=\"Privacy Policy\" class=\"read-more\" href=\"https:\/\/www.hernandezechevarria.es\/en\/privacy-policy\/\" aria-label=\"Read more about Privacy Policy\">Read more<\/a><\/p>\n","protected":false},"author":1,"featured_media":0,"parent":0,"menu_order":101,"comment_status":"closed","ping_status":"closed","template":"","meta":{"footnotes":""},"yoast_head":"<!-- This site is optimized with the Yoast SEO plugin v24.4 - https:\/\/yoast.com\/wordpress\/plugins\/seo\/ -->\n<title>Privacy Policy - HE Abogados<\/title>\n<meta name=\"robots\" content=\"index, follow, max-snippet:-1, max-image-preview:large, max-video-preview:-1\" \/>\n<link rel=\"canonical\" href=\"https:\/\/www.hernandezechevarria.es\/en\/privacy-policy\/\" \/>\n<meta property=\"og:locale\" content=\"en_US\" \/>\n<meta property=\"og:type\" content=\"article\" \/>\n<meta property=\"og:title\" content=\"Privacy Policy - HE Abogados\" \/>\n<meta property=\"og:description\" content=\"Responsible for treatment Hern\u00e1ndez-Echevarr\u00eda, Artacho y Sebasti\u00e1n de Erice Lawyers, S.L.P. CIF: B85315158. Almagro Street, number 38. E 28010 Madrid (Spain). Email: info@heyd.es. Purpose of treatment Personal data will be processed for the contractual management of the contracted services.The personal data provided by the owner through this website may be used for the submission of ... Read more\" \/>\n<meta property=\"og:url\" content=\"https:\/\/www.hernandezechevarria.es\/en\/privacy-policy\/\" \/>\n<meta property=\"og:site_name\" content=\"HE Abogados\" \/>\n<meta property=\"article:modified_time\" content=\"2020-06-18T16:08:28+00:00\" \/>\n<meta name=\"twitter:card\" content=\"summary_large_image\" \/>\n<meta name=\"twitter:label1\" content=\"Est. reading time\" \/>\n\t<meta name=\"twitter:data1\" content=\"3 minutes\" \/>\n<script type=\"application\/ld+json\" class=\"yoast-schema-graph\">{\"@context\":\"https:\/\/schema.org\",\"@graph\":[{\"@type\":\"WebPage\",\"@id\":\"https:\/\/www.hernandezechevarria.es\/en\/privacy-policy\/\",\"url\":\"https:\/\/www.hernandezechevarria.es\/en\/privacy-policy\/\",\"name\":\"Privacy Policy - HE Abogados\",\"isPartOf\":{\"@id\":\"https:\/\/www.hernandezechevarria.es\/#website\"},\"datePublished\":\"2020-06-16T18:21:23+00:00\",\"dateModified\":\"2020-06-18T16:08:28+00:00\",\"breadcrumb\":{\"@id\":\"https:\/\/www.hernandezechevarria.es\/en\/privacy-policy\/#breadcrumb\"},\"inLanguage\":\"en-US\",\"potentialAction\":[{\"@type\":\"ReadAction\",\"target\":[\"https:\/\/www.hernandezechevarria.es\/en\/privacy-policy\/\"]}]},{\"@type\":\"BreadcrumbList\",\"@id\":\"https:\/\/www.hernandezechevarria.es\/en\/privacy-policy\/#breadcrumb\",\"itemListElement\":[{\"@type\":\"ListItem\",\"position\":1,\"name\":\"Portada\",\"item\":\"https:\/\/www.hernandezechevarria.es\/en\/\"},{\"@type\":\"ListItem\",\"position\":2,\"name\":\"Privacy Policy\"}]},{\"@type\":\"WebSite\",\"@id\":\"https:\/\/www.hernandezechevarria.es\/#website\",\"url\":\"https:\/\/www.hernandezechevarria.es\/\",\"name\":\"HE Abogados\",\"description\":\"Despacho de abogados en Madrid\",\"publisher\":{\"@id\":\"https:\/\/www.hernandezechevarria.es\/#organization\"},\"potentialAction\":[{\"@type\":\"SearchAction\",\"target\":{\"@type\":\"EntryPoint\",\"urlTemplate\":\"https:\/\/www.hernandezechevarria.es\/?s={search_term_string}\"},\"query-input\":{\"@type\":\"PropertyValueSpecification\",\"valueRequired\":true,\"valueName\":\"search_term_string\"}}],\"inLanguage\":\"en-US\"},{\"@type\":\"Organization\",\"@id\":\"https:\/\/www.hernandezechevarria.es\/#organization\",\"name\":\"HE Abogados\",\"url\":\"https:\/\/www.hernandezechevarria.es\/\",\"logo\":{\"@type\":\"ImageObject\",\"inLanguage\":\"en-US\",\"@id\":\"https:\/\/www.hernandezechevarria.es\/#\/schema\/logo\/image\/\",\"url\":\"https:\/\/www.hernandezechevarria.es\/wp-content\/uploads\/2019\/08\/cropped-Logo-HE-Abogados.png\",\"contentUrl\":\"https:\/\/www.hernandezechevarria.es\/wp-content\/uploads\/2019\/08\/cropped-Logo-HE-Abogados.png\",\"width\":703,\"height\":188,\"caption\":\"HE Abogados\"},\"image\":{\"@id\":\"https:\/\/www.hernandezechevarria.es\/#\/schema\/logo\/image\/\"}}]}<\/script>\n<!-- \/ Yoast SEO plugin. -->","yoast_head_json":{"title":"Privacy Policy - HE Abogados","robots":{"index":"index","follow":"follow","max-snippet":"max-snippet:-1","max-image-preview":"max-image-preview:large","max-video-preview":"max-video-preview:-1"},"canonical":"https:\/\/www.hernandezechevarria.es\/en\/privacy-policy\/","og_locale":"en_US","og_type":"article","og_title":"Privacy Policy - HE Abogados","og_description":"Responsible for treatment Hern\u00e1ndez-Echevarr\u00eda, Artacho y Sebasti\u00e1n de Erice Lawyers, S.L.P. CIF: B85315158. Almagro Street, number 38. E 28010 Madrid (Spain). Email: info@heyd.es. Purpose of treatment Personal data will be processed for the contractual management of the contracted services.The personal data provided by the owner through this website may be used for the submission of ... Read more","og_url":"https:\/\/www.hernandezechevarria.es\/en\/privacy-policy\/","og_site_name":"HE Abogados","article_modified_time":"2020-06-18T16:08:28+00:00","twitter_card":"summary_large_image","twitter_misc":{"Est. reading time":"3 minutes"},"schema":{"@context":"https:\/\/schema.org","@graph":[{"@type":"WebPage","@id":"https:\/\/www.hernandezechevarria.es\/en\/privacy-policy\/","url":"https:\/\/www.hernandezechevarria.es\/en\/privacy-policy\/","name":"Privacy Policy - HE Abogados","isPartOf":{"@id":"https:\/\/www.hernandezechevarria.es\/#website"},"datePublished":"2020-06-16T18:21:23+00:00","dateModified":"2020-06-18T16:08:28+00:00","breadcrumb":{"@id":"https:\/\/www.hernandezechevarria.es\/en\/privacy-policy\/#breadcrumb"},"inLanguage":"en-US","potentialAction":[{"@type":"ReadAction","target":["https:\/\/www.hernandezechevarria.es\/en\/privacy-policy\/"]}]},{"@type":"BreadcrumbList","@id":"https:\/\/www.hernandezechevarria.es\/en\/privacy-policy\/#breadcrumb","itemListElement":[{"@type":"ListItem","position":1,"name":"Portada","item":"https:\/\/www.hernandezechevarria.es\/en\/"},{"@type":"ListItem","position":2,"name":"Privacy Policy"}]},{"@type":"WebSite","@id":"https:\/\/www.hernandezechevarria.es\/#website","url":"https:\/\/www.hernandezechevarria.es\/","name":"HE Abogados","description":"Despacho de abogados en Madrid","publisher":{"@id":"https:\/\/www.hernandezechevarria.es\/#organization"},"potentialAction":[{"@type":"SearchAction","target":{"@type":"EntryPoint","urlTemplate":"https:\/\/www.hernandezechevarria.es\/?s={search_term_string}"},"query-input":{"@type":"PropertyValueSpecification","valueRequired":true,"valueName":"search_term_string"}}],"inLanguage":"en-US"},{"@type":"Organization","@id":"https:\/\/www.hernandezechevarria.es\/#organization","name":"HE Abogados","url":"https:\/\/www.hernandezechevarria.es\/","logo":{"@type":"ImageObject","inLanguage":"en-US","@id":"https:\/\/www.hernandezechevarria.es\/#\/schema\/logo\/image\/","url":"https:\/\/www.hernandezechevarria.es\/wp-content\/uploads\/2019\/08\/cropped-Logo-HE-Abogados.png","contentUrl":"https:\/\/www.hernandezechevarria.es\/wp-content\/uploads\/2019\/08\/cropped-Logo-HE-Abogados.png","width":703,"height":188,"caption":"HE Abogados"},"image":{"@id":"https:\/\/www.hernandezechevarria.es\/#\/schema\/logo\/image\/"}}]}},"_links":{"self":[{"href":"https:\/\/www.hernandezechevarria.es\/en\/wp-json\/wp\/v2\/pages\/899"}],"collection":[{"href":"https:\/\/www.hernandezechevarria.es\/en\/wp-json\/wp\/v2\/pages"}],"about":[{"href":"https:\/\/www.hernandezechevarria.es\/en\/wp-json\/wp\/v2\/types\/page"}],"author":[{"embeddable":true,"href":"https:\/\/www.hernandezechevarria.es\/en\/wp-json\/wp\/v2\/users\/1"}],"replies":[{"embeddable":true,"href":"https:\/\/www.hernandezechevarria.es\/en\/wp-json\/wp\/v2\/comments?post=899"}],"version-history":[{"count":5,"href":"https:\/\/www.hernandezechevarria.es\/en\/wp-json\/wp\/v2\/pages\/899\/revisions"}],"predecessor-version":[{"id":955,"href":"https:\/\/www.hernandezechevarria.es\/en\/wp-json\/wp\/v2\/pages\/899\/revisions\/955"}],"wp:attachment":[{"href":"https:\/\/www.hernandezechevarria.es\/en\/wp-json\/wp\/v2\/media?parent=899"}],"curies":[{"name":"wp","href":"https:\/\/api.w.org\/{rel}","templated":true}]}}